{"id":627,"date":"2021-12-16T19:11:47","date_gmt":"2021-12-16T22:11:47","guid":{"rendered":"http:\/\/webapp357618.ip-45-56-120-68.cloudezapp.io\/?page_id=627"},"modified":"2025-06-06T09:15:36","modified_gmt":"2025-06-06T12:15:36","slug":"trabalhe-conosco","status":"publish","type":"page","link":"https:\/\/www.agfengenharia.com.br\/en\/trabalhe-conosco\/","title":{"rendered":"Work with us"},"content":{"rendered":"\t\t<div data-elementor-type=\"wp-post\" data-elementor-id=\"627\" class=\"elementor elementor-627\" data-elementor-settings=\"{&quot;element_pack_global_tooltip_width&quot;:{&quot;unit&quot;:&quot;px&quot;,&quot;size&quot;:&quot;&quot;,&quot;sizes&quot;:[]},&quot;element_pack_global_tooltip_width_tablet&quot;:{&quot;unit&quot;:&quot;px&quot;,&quot;size&quot;:&quot;&quot;,&quot;sizes&quot;:[]},&quot;element_pack_global_tooltip_width_mobile&quot;:{&quot;unit&quot;:&quot;px&quot;,&quot;size&quot;:&quot;&quot;,&quot;sizes&quot;:[]},&quot;element_pack_global_tooltip_padding&quot;:{&quot;unit&quot;:&quot;px&quot;,&quot;top&quot;:&quot;&quot;,&quot;right&quot;:&quot;&quot;,&quot;bottom&quot;:&quot;&quot;,&quot;left&quot;:&quot;&quot;,&quot;isLinked&quot;:true},&quot;element_pack_global_tooltip_padding_tablet&quot;:{&quot;unit&quot;:&quot;px&quot;,&quot;top&quot;:&quot;&quot;,&quot;right&quot;:&quot;&quot;,&quot;bottom&quot;:&quot;&quot;,&quot;left&quot;:&quot;&quot;,&quot;isLinked&quot;:true},&quot;element_pack_global_tooltip_padding_mobile&quot;:{&quot;unit&quot;:&quot;px&quot;,&quot;top&quot;:&quot;&quot;,&quot;right&quot;:&quot;&quot;,&quot;bottom&quot;:&quot;&quot;,&quot;left&quot;:&quot;&quot;,&quot;isLinked&quot;:true},&quot;element_pack_global_tooltip_border_radius&quot;:{&quot;unit&quot;:&quot;px&quot;,&quot;top&quot;:&quot;&quot;,&quot;right&quot;:&quot;&quot;,&quot;bottom&quot;:&quot;&quot;,&quot;left&quot;:&quot;&quot;,&quot;isLinked&quot;:true},&quot;element_pack_global_tooltip_border_radius_tablet&quot;:{&quot;unit&quot;:&quot;px&quot;,&quot;top&quot;:&quot;&quot;,&quot;right&quot;:&quot;&quot;,&quot;bottom&quot;:&quot;&quot;,&quot;left&quot;:&quot;&quot;,&quot;isLinked&quot;:true},&quot;element_pack_global_tooltip_border_radius_mobile&quot;:{&quot;unit&quot;:&quot;px&quot;,&quot;top&quot;:&quot;&quot;,&quot;right&quot;:&quot;&quot;,&quot;bottom&quot;:&quot;&quot;,&quot;left&quot;:&quot;&quot;,&quot;isLinked&quot;:true}}\" data-elementor-post-type=\"page\">\n\t\t\t\t\t\t<section class=\"elementor-section elementor-top-section elementor-element elementor-element-5ebfc09 elementor-section-boxed elementor-section-height-default elementor-section-height-default\" data-id=\"5ebfc09\" data-element_type=\"section\" data-e-type=\"section\">\n\t\t\t\t\t\t\t<div class=\"elementor-background-overlay\"><\/div>\n\t\t\t\t\t\t\t<div class=\"elementor-container elementor-column-gap-default\">\n\t\t\t\t\t<div class=\"elementor-column elementor-col-100 elementor-top-column elementor-element elementor-element-eba878f\" data-id=\"eba878f\" data-element_type=\"column\" data-e-type=\"column\">\n\t\t\t<div class=\"elementor-widget-wrap elementor-element-populated\">\n\t\t\t\t\t\t<div class=\"elementor-element elementor-element-76f2458 elementor-widget elementor-widget-heading\" data-id=\"76f2458\" data-element_type=\"widget\" data-e-type=\"widget\" data-widget_type=\"heading.default\">\n\t\t\t\t<div class=\"elementor-widget-container\">\n\t\t\t\t\t<h1 class=\"elementor-heading-title elementor-size-default\">TRABALHE CONOSCO<\/h1>\t\t\t\t<\/div>\n\t\t\t\t<\/div>\n\t\t\t\t<div class=\"elementor-element elementor-element-722877b elementor-widget__width-initial elementor-widget elementor-widget-text-editor\" data-id=\"722877b\" data-element_type=\"widget\" data-e-type=\"widget\" data-widget_type=\"text-editor.default\">\n\t\t\t\t<div class=\"elementor-widget-container\">\n\t\t\t\t\t\t\t\t\t<p>A AGF ENGENHARIA atua em \u00e2mbito nacional e frequentemente demanda a contrata\u00e7\u00e3o de novos profissionais \u2013 de diversas \u00e1reas \u2013 para diferentes projetos. Se voc\u00ea tem interesse em trabalhar conosco e contribuir para a qualidade e efici\u00eancia de nossos servi\u00e7os, fa\u00e7a seu cadastro atrav\u00e9s de nossa P\u00e1gina de Carreiras na plataforma ABLER e participe de nossa sele\u00e7\u00e3o:<\/p>\t\t\t\t\t\t\t\t<\/div>\n\t\t\t\t<\/div>\n\t\t\t\t<div class=\"elementor-element elementor-element-1de9577 elementor-align-center botao elementor-widget elementor-widget-button\" data-id=\"1de9577\" data-element_type=\"widget\" data-e-type=\"widget\" data-widget_type=\"button.default\">\n\t\t\t\t<div class=\"elementor-widget-container\">\n\t\t\t\t\t\t\t\t\t<div class=\"elementor-button-wrapper\">\n\t\t\t\t\t<a class=\"elementor-button elementor-button-link elementor-size-sm\" href=\"https:\/\/ats.abler.com.br\/jobs\/oportunidadesagf\" target=\"_blank\">\n\t\t\t\t\t\t<span class=\"elementor-button-content-wrapper\">\n\t\t\t\t\t\t\t\t\t<span class=\"elementor-button-text\">Clique aqui <\/span>\n\t\t\t\t\t<\/span>\n\t\t\t\t\t<\/a>\n\t\t\t\t<\/div>\n\t\t\t\t\t\t\t\t<\/div>\n\t\t\t\t<\/div>\n\t\t\t\t\t<\/div>\n\t\t<\/div>\n\t\t\t\t\t<\/div>\n\t\t<\/section>\n\t\t\t\t<section class=\"elementor-section elementor-top-section elementor-element elementor-element-b152528 elementor-hidden-desktop elementor-hidden-tablet elementor-hidden-mobile elementor-section-boxed elementor-section-height-default elementor-section-height-default\" data-id=\"b152528\" data-element_type=\"section\" data-e-type=\"section\">\n\t\t\t\t\t\t<div class=\"elementor-container elementor-column-gap-default\">\n\t\t\t\t\t<div class=\"elementor-column elementor-col-100 elementor-top-column elementor-element elementor-element-5014da9\" data-id=\"5014da9\" data-element_type=\"column\" data-e-type=\"column\">\n\t\t\t<div class=\"elementor-widget-wrap elementor-element-populated\">\n\t\t\t\t\t\t<div class=\"elementor-element elementor-element-ea9edfd elementor-widget elementor-widget-shortcode\" data-id=\"ea9edfd\" data-element_type=\"widget\" data-e-type=\"widget\" data-widget_type=\"shortcode.default\">\n\t\t\t\t<div class=\"elementor-widget-container\">\n\t\t\t\t\t\t\t<div class=\"elementor-shortcode\">[submit_resume_form]<\/div>\n\t\t\t\t\t\t<\/div>\n\t\t\t\t<\/div>\n\t\t\t\t\t<\/div>\n\t\t<\/div>\n\t\t\t\t\t<\/div>\n\t\t<\/section>\n\t\t\t\t<\/div>\n\t\t","protected":false},"excerpt":{"rendered":"<p>TRABALHE CONOSCO A AGF ENGENHARIA atua em \u00e2mbito nacional e frequentemente demanda a contrata\u00e7\u00e3o de novos profissionais \u2013 de diversas \u00e1reas \u2013 para diferentes projetos. Se voc\u00ea tem interesse em trabalhar conosco e contribuir para a qualidade e efici\u00eancia de nossos servi\u00e7os, fa\u00e7a seu cadastro atrav\u00e9s de nossa P\u00e1gina de Carreiras na plataforma ABLER e [&hellip;]<\/p>\n","protected":false},"author":2,"featured_media":0,"parent":0,"menu_order":0,"comment_status":"closed","ping_status":"closed","template":"","meta":{"footnotes":""},"class_list":["post-627","page","type-page","status-publish","hentry"],"yoast_head":"<!-- This site is optimized with the Yoast SEO plugin v27.4 - https:\/\/yoast.com\/product\/yoast-seo-wordpress\/ -->\n<title>Vagas Operacionais, T\u00e9cnicas e Adm | AGF Engenharia<\/title>\n<meta name=\"description\" content=\"Vagas de Emprego Operacionais, T\u00e9cnicas e Administrativas. Contate-nos!\" \/>\n<meta name=\"robots\" content=\"index, follow, max-snippet:-1, max-image-preview:large, max-video-preview:-1\" \/>\n<link rel=\"canonical\" href=\"https:\/\/www.agfengenharia.com.br\/en\/trabalhe-conosco\/\" \/>\n<meta property=\"og:locale\" content=\"en_US\" \/>\n<meta property=\"og:type\" content=\"article\" \/>\n<meta property=\"og:title\" content=\"Vagas Operacionais, T\u00e9cnicas e Adm | AGF Engenharia\" \/>\n<meta property=\"og:description\" content=\"Vagas de Emprego Operacionais, T\u00e9cnicas e Administrativas. Contate-nos!\" \/>\n<meta property=\"og:url\" content=\"https:\/\/www.agfengenharia.com.br\/en\/trabalhe-conosco\/\" \/>\n<meta property=\"og:site_name\" content=\"AGF Engenharia\" \/>\n<meta property=\"article:modified_time\" content=\"2025-06-06T12:15:36+00:00\" \/>\n<meta property=\"og:image\" content=\"https:\/\/www.agfengenharia.com.br\/wp-content\/uploads\/2022\/03\/agf-142318.jpg\" \/>\n\t<meta property=\"og:image:width\" content=\"1200\" \/>\n\t<meta property=\"og:image:height\" content=\"628\" \/>\n\t<meta property=\"og:image:type\" content=\"image\/jpeg\" \/>\n<meta name=\"twitter:card\" content=\"summary_large_image\" \/>\n<meta name=\"twitter:label1\" content=\"Est. reading time\" \/>\n\t<meta name=\"twitter:data1\" content=\"1 minute\" \/>\n<script type=\"application\/ld+json\" class=\"yoast-schema-graph\">{\"@context\":\"https:\\\/\\\/schema.org\",\"@graph\":[{\"@type\":\"WebPage\",\"@id\":\"https:\\\/\\\/www.agfengenharia.com.br\\\/trabalhe-conosco\\\/\",\"url\":\"https:\\\/\\\/www.agfengenharia.com.br\\\/trabalhe-conosco\\\/\",\"name\":\"Vagas Operacionais, T\u00e9cnicas e Adm | AGF Engenharia\",\"isPartOf\":{\"@id\":\"https:\\\/\\\/www.agfengenharia.com.br\\\/#website\"},\"datePublished\":\"2021-12-16T22:11:47+00:00\",\"dateModified\":\"2025-06-06T12:15:36+00:00\",\"description\":\"Vagas de Emprego Operacionais, T\u00e9cnicas e Administrativas. Contate-nos!\",\"breadcrumb\":{\"@id\":\"https:\\\/\\\/www.agfengenharia.com.br\\\/trabalhe-conosco\\\/#breadcrumb\"},\"inLanguage\":\"en-US\",\"potentialAction\":[{\"@type\":\"ReadAction\",\"target\":[\"https:\\\/\\\/www.agfengenharia.com.br\\\/trabalhe-conosco\\\/\"]}]},{\"@type\":\"BreadcrumbList\",\"@id\":\"https:\\\/\\\/www.agfengenharia.com.br\\\/trabalhe-conosco\\\/#breadcrumb\",\"itemListElement\":[{\"@type\":\"ListItem\",\"position\":1,\"name\":\"In\u00edcio\",\"item\":\"https:\\\/\\\/www.agfengenharia.com.br\\\/\"},{\"@type\":\"ListItem\",\"position\":2,\"name\":\"Trabalhe Conosco\"}]},{\"@type\":\"WebSite\",\"@id\":\"https:\\\/\\\/www.agfengenharia.com.br\\\/#website\",\"url\":\"https:\\\/\\\/www.agfengenharia.com.br\\\/\",\"name\":\"AGF Engenharia\",\"description\":\"\",\"publisher\":{\"@id\":\"https:\\\/\\\/www.agfengenharia.com.br\\\/#organization\"},\"potentialAction\":[{\"@type\":\"SearchAction\",\"target\":{\"@type\":\"EntryPoint\",\"urlTemplate\":\"https:\\\/\\\/www.agfengenharia.com.br\\\/?s={search_term_string}\"},\"query-input\":{\"@type\":\"PropertyValueSpecification\",\"valueRequired\":true,\"valueName\":\"search_term_string\"}}],\"inLanguage\":\"en-US\"},{\"@type\":\"Organization\",\"@id\":\"https:\\\/\\\/www.agfengenharia.com.br\\\/#organization\",\"name\":\"AGF Engenharia\",\"url\":\"https:\\\/\\\/www.agfengenharia.com.br\\\/\",\"logo\":{\"@type\":\"ImageObject\",\"inLanguage\":\"en-US\",\"@id\":\"https:\\\/\\\/www.agfengenharia.com.br\\\/#\\\/schema\\\/logo\\\/image\\\/\",\"url\":\"http:\\\/\\\/webapp357618.ip-45-56-120-68.cloudezapp.io\\\/wp-content\\\/uploads\\\/2018\\\/09\\\/cropped-group-20668-211507.png\",\"contentUrl\":\"http:\\\/\\\/webapp357618.ip-45-56-120-68.cloudezapp.io\\\/wp-content\\\/uploads\\\/2018\\\/09\\\/cropped-group-20668-211507.png\",\"width\":512,\"height\":512,\"caption\":\"AGF Engenharia\"},\"image\":{\"@id\":\"https:\\\/\\\/www.agfengenharia.com.br\\\/#\\\/schema\\\/logo\\\/image\\\/\"}}]}<\/script>\n<!-- \/ Yoast SEO plugin. -->","yoast_head_json":{"title":"Operational and Technical opportunity | AGF Engenharia","description":"Operational, Technical and Administrative Job Opportunities. Contact us!","robots":{"index":"index","follow":"follow","max-snippet":"max-snippet:-1","max-image-preview":"max-image-preview:large","max-video-preview":"max-video-preview:-1"},"canonical":"https:\/\/www.agfengenharia.com.br\/en\/trabalhe-conosco\/","og_locale":"en_US","og_type":"article","og_title":"Vagas Operacionais, T\u00e9cnicas e Adm | AGF Engenharia","og_description":"Vagas de Emprego Operacionais, T\u00e9cnicas e Administrativas. Contate-nos!","og_url":"https:\/\/www.agfengenharia.com.br\/en\/trabalhe-conosco\/","og_site_name":"AGF Engenharia","article_modified_time":"2025-06-06T12:15:36+00:00","og_image":[{"width":1200,"height":628,"url":"https:\/\/www.agfengenharia.com.br\/wp-content\/uploads\/2022\/03\/agf-142318.jpg","type":"image\/jpeg"}],"twitter_card":"summary_large_image","twitter_misc":{"Est. reading time":"1 minute"},"schema":{"@context":"https:\/\/schema.org","@graph":[{"@type":"WebPage","@id":"https:\/\/www.agfengenharia.com.br\/trabalhe-conosco\/","url":"https:\/\/www.agfengenharia.com.br\/trabalhe-conosco\/","name":"Operational and Technical opportunity | AGF Engenharia","isPartOf":{"@id":"https:\/\/www.agfengenharia.com.br\/#website"},"datePublished":"2021-12-16T22:11:47+00:00","dateModified":"2025-06-06T12:15:36+00:00","description":"Operational, Technical and Administrative Job Opportunities. Contact us!","breadcrumb":{"@id":"https:\/\/www.agfengenharia.com.br\/trabalhe-conosco\/#breadcrumb"},"inLanguage":"en-US","potentialAction":[{"@type":"ReadAction","target":["https:\/\/www.agfengenharia.com.br\/trabalhe-conosco\/"]}]},{"@type":"BreadcrumbList","@id":"https:\/\/www.agfengenharia.com.br\/trabalhe-conosco\/#breadcrumb","itemListElement":[{"@type":"ListItem","position":1,"name":"In\u00edcio","item":"https:\/\/www.agfengenharia.com.br\/"},{"@type":"ListItem","position":2,"name":"Trabalhe Conosco"}]},{"@type":"WebSite","@id":"https:\/\/www.agfengenharia.com.br\/#website","url":"https:\/\/www.agfengenharia.com.br\/","name":"AGF Engenharia","description":"","publisher":{"@id":"https:\/\/www.agfengenharia.com.br\/#organization"},"potentialAction":[{"@type":"SearchAction","target":{"@type":"EntryPoint","urlTemplate":"https:\/\/www.agfengenharia.com.br\/?s={search_term_string}"},"query-input":{"@type":"PropertyValueSpecification","valueRequired":true,"valueName":"search_term_string"}}],"inLanguage":"en-US"},{"@type":"Organization","@id":"https:\/\/www.agfengenharia.com.br\/#organization","name":"AGF Engenharia","url":"https:\/\/www.agfengenharia.com.br\/","logo":{"@type":"ImageObject","inLanguage":"en-US","@id":"https:\/\/www.agfengenharia.com.br\/#\/schema\/logo\/image\/","url":"http:\/\/webapp357618.ip-45-56-120-68.cloudezapp.io\/wp-content\/uploads\/2018\/09\/cropped-group-20668-211507.png","contentUrl":"http:\/\/webapp357618.ip-45-56-120-68.cloudezapp.io\/wp-content\/uploads\/2018\/09\/cropped-group-20668-211507.png","width":512,"height":512,"caption":"AGF Engenharia"},"image":{"@id":"https:\/\/www.agfengenharia.com.br\/#\/schema\/logo\/image\/"}}]}},"_links":{"self":[{"href":"https:\/\/www.agfengenharia.com.br\/en\/wp-json\/wp\/v2\/pages\/627","targetHints":{"allow":["GET"]}}],"collection":[{"href":"https:\/\/www.agfengenharia.com.br\/en\/wp-json\/wp\/v2\/pages"}],"about":[{"href":"https:\/\/www.agfengenharia.com.br\/en\/wp-json\/wp\/v2\/types\/page"}],"author":[{"embeddable":true,"href":"https:\/\/www.agfengenharia.com.br\/en\/wp-json\/wp\/v2\/users\/2"}],"replies":[{"embeddable":true,"href":"https:\/\/www.agfengenharia.com.br\/en\/wp-json\/wp\/v2\/comments?post=627"}],"version-history":[{"count":5,"href":"https:\/\/www.agfengenharia.com.br\/en\/wp-json\/wp\/v2\/pages\/627\/revisions"}],"predecessor-version":[{"id":1502,"href":"https:\/\/www.agfengenharia.com.br\/en\/wp-json\/wp\/v2\/pages\/627\/revisions\/1502"}],"wp:attachment":[{"href":"https:\/\/www.agfengenharia.com.br\/en\/wp-json\/wp\/v2\/media?parent=627"}],"curies":[{"name":"wp","href":"https:\/\/api.w.org\/{rel}","templated":true}]}}